{"id":9,"date":"2018-01-02T18:02:21","date_gmt":"2018-01-02T18:02:21","guid":{"rendered":"http:\/\/akrsa.com.pl\/?page_id=9"},"modified":"2024-09-23T09:47:22","modified_gmt":"2024-09-23T09:47:22","slug":"wlasciciele-zarzad-i-rada-nadzorcza","status":"publish","type":"page","link":"https:\/\/akrsa.pl\/?page_id=9","title":{"rendered":"W\u0142a\u015bciciele, Zarz\u0105d i Rada Nadzorcza"},"content":{"rendered":"<header class=\"entry-header\">\n<h1 class=\"entry-title\">W\u0142a\u015bciciele, Zarz\u0105d i Rada Nadzorcza<\/h1>\n<\/header>\n<div class=\"entry-content\">\n<h6><strong>AKR S.A. \u2013 akcjonariat<\/strong><\/h6>\n<ul>\n<li>Agencja Rozwoju Przemys\u0142u \u2013 6 019 323<\/li>\n<\/ul>\n<h6><strong>Zarz\u0105d AKR S.A.<\/strong><\/h6>\n<ul>\n<li>Prezes Zarz\u0105du Katarzyna Duszy\u0144ska.<\/li>\n<\/ul>\n<h6><strong>Sk\u0142ad Rady Nadzorczej AKR S.A.<\/strong><\/h6>\n<ul>\n<li>Ewa Nowicka<\/li>\n<li>Magdalena Owczarczuk<\/li>\n<li>Jacek Majchrzak<\/li>\n<\/ul>\n<h6><strong>Kapita\u0142 zak\u0142adowy<\/strong><\/h6>\n<ul>\n<li>Kapita\u0142 zak\u0142adowy 60.532.400,00 PLN<\/li>\n<\/ul>\n<\/div>\n","protected":false},"excerpt":{"rendered":"<p>W\u0142a\u015bciciele, Zarz\u0105d i Rada Nadzorcza AKR S.A. \u2013 akcjonariat Agencja Rozwoju Przemys\u0142u \u2013 6 019 323 Zarz\u0105d AKR S.A. Prezes Zarz\u0105du Katarzyna Duszy\u0144ska. Sk\u0142ad Rady Nadzorczej AKR S.A. Ewa Nowicka Magdalena Owczarczuk Jacek Majchrzak Kapita\u0142 zak\u0142adowy Kapita\u0142 zak\u0142adowy 60.532.400,00 PLN<\/p>\n","protected":false},"author":1,"featured_media":0,"parent":0,"menu_order":0,"comment_status":"closed","ping_status":"closed","template":"","meta":{"footnotes":""},"class_list":["post-9","page","type-page","status-publish","hentry"],"_links":{"self":[{"href":"https:\/\/akrsa.pl\/index.php?rest_route=\/wp\/v2\/pages\/9","targetHints":{"allow":["GET"]}}],"collection":[{"href":"https:\/\/akrsa.pl\/index.php?rest_route=\/wp\/v2\/pages"}],"about":[{"href":"https:\/\/akrsa.pl\/index.php?rest_route=\/wp\/v2\/types\/page"}],"author":[{"embeddable":true,"href":"https:\/\/akrsa.pl\/index.php?rest_route=\/wp\/v2\/users\/1"}],"replies":[{"embeddable":true,"href":"https:\/\/akrsa.pl\/index.php?rest_route=%2Fwp%2Fv2%2Fcomments&post=9"}],"version-history":[{"count":16,"href":"https:\/\/akrsa.pl\/index.php?rest_route=\/wp\/v2\/pages\/9\/revisions"}],"predecessor-version":[{"id":145,"href":"https:\/\/akrsa.pl\/index.php?rest_route=\/wp\/v2\/pages\/9\/revisions\/145"}],"wp:attachment":[{"href":"https:\/\/akrsa.pl\/index.php?rest_route=%2Fwp%2Fv2%2Fmedia&parent=9"}],"curies":[{"name":"wp","href":"https:\/\/api.w.org\/{rel}","templated":true}]}}