{"id":78,"date":"2020-08-27T08:19:30","date_gmt":"2020-08-27T08:19:30","guid":{"rendered":"http:\/\/akrsa.pl\/?page_id=78"},"modified":"2020-12-03T21:33:41","modified_gmt":"2020-12-03T21:33:41","slug":"dla-akcjonariuszy","status":"publish","type":"page","link":"https:\/\/akrsa.pl\/?page_id=78","title":{"rendered":"Dla Akcjonariuszy"},"content":{"rendered":"\n<p>Agencja Kapita\u0142owo Rozliczeniowa Sp\u00f3\u0142ka Akcyjna z siedzib\u0105 w Warszawie przy ul. Kochanowskiego 49informuje, i\u017c w zwi\u0105zku z ustawow\u0105 konieczno\u015bci\u0105 zapewnienia Akcjonariuszom dost\u0119pu do informacji, a tak\u017ce wobec realizacji i spe\u0142nienia obowi\u0105zku r\u00f3wnego traktowania Akcjonariuszy uruchomiona zosta\u0142a sekcja dla Akcjonariuszy.<\/p>\n\n\n\n<div class=\"wp-block-group\"><div class=\"wp-block-group__inner-container is-layout-flow wp-block-group-is-layout-flow\">\n<figure class=\"wp-block-table is-style-stripes\"><table><tbody><tr><td class=\"has-text-align-center\" data-align=\"center\">Data<\/td><td class=\"has-text-align-center\" data-align=\"center\">Tytu\u0142<\/td><td class=\"has-text-align-center\" data-align=\"center\">Pobierz<\/td><\/tr><tr><td class=\"has-text-align-center\" data-align=\"center\">03-08-2020<\/td><td class=\"has-text-align-center\" data-align=\"center\">dematerializacja akcji &#8211; informacja og\u00f3lna<\/td><td class=\"has-text-align-center\" data-align=\"center\"><a href=\"http:\/\/akrsa.pl\/wp-content\/uploads\/2020\/08\/dematerializacja-akcji-informacja-ogolna.pdf\" data-type=\"URL\" data-id=\"http:\/\/akrsa.pl\/wp-content\/uploads\/2020\/08\/dematerializacja-akcji-informacja-ogolna.pdf\" target=\"_blank\" rel=\"noreferrer noopener\"><img decoding=\"async\" src=\"http:\/\/akrsa.pl\/wp-content\/uploads\/2020\/08\/Adobe_jpg.jpg\" alt=\"\"><\/a><\/td><\/tr><tr><td class=\"has-text-align-center\" data-align=\"center\">03-08-2020<\/td><td class=\"has-text-align-center\" data-align=\"center\">dematerializacja akcji &#8211; klauzula<\/td><td class=\"has-text-align-center\" data-align=\"center\"><a href=\"http:\/\/akrsa.pl\/wp-content\/uploads\/2020\/08\/dematerializacja-akcji-klauzula.pdf\" data-type=\"URL\" data-id=\"http:\/\/akrsa.pl\/wp-content\/uploads\/2020\/08\/dematerializacja-akcji-klauzula.pdf\" target=\"_blank\" rel=\"noreferrer noopener\"><img decoding=\"async\" src=\"http:\/\/akrsa.pl\/wp-content\/uploads\/2020\/08\/Adobe_jpg.jpg\" alt=\"\"><\/a><\/td><\/tr><tr><td class=\"has-text-align-center\" data-align=\"center\">03-08-2020<\/td><td class=\"has-text-align-center\" data-align=\"center\">dematerializacja akcji protok\u00f3\u0142 z\u0142o\u017cenia akcji<\/td><td class=\"has-text-align-center\" data-align=\"center\"><a href=\"http:\/\/akrsa.pl\/wp-content\/uploads\/2020\/08\/dematerializacja-akcji-protokol-zlozenia-akcji.pdf\" data-type=\"URL\" data-id=\"http:\/\/akrsa.pl\/wp-content\/uploads\/2020\/08\/dematerializacja-akcji-protokol-zlozenia-akcji.pdf\" target=\"_blank\" rel=\"noreferrer noopener\"><img decoding=\"async\" src=\"http:\/\/akrsa.pl\/wp-content\/uploads\/2020\/08\/Adobe_jpg.jpg\" alt=\"\"><\/a><\/td><\/tr><tr><td class=\"has-text-align-center\" data-align=\"center\">03-08-2020<\/td><td class=\"has-text-align-center\" data-align=\"center\">dematerializacja akcji &#8211; zgoda akcjonariusza<\/td><td class=\"has-text-align-center\" data-align=\"center\"><a href=\"http:\/\/akrsa.pl\/wp-content\/uploads\/2020\/08\/dematerializacja-akcji-zgoda-akcjonariusza.pdf\" data-type=\"URL\" data-id=\"http:\/\/akrsa.pl\/wp-content\/uploads\/2020\/08\/dematerializacja-akcji-zgoda-akcjonariusza.pdf\" target=\"_blank\" rel=\"noreferrer noopener\"><img decoding=\"async\" src=\"http:\/\/akrsa.pl\/wp-content\/uploads\/2020\/08\/Adobe_jpg.jpg\" alt=\"\"><\/a><\/td><\/tr><tr><td class=\"has-text-align-center\" data-align=\"center\">03-08-2020<\/td><td class=\"has-text-align-center\" data-align=\"center\">dematerializacja akcji &#8211; zgoda na komunikacj\u0119 elektroniczn\u0105<\/td><td class=\"has-text-align-center\" data-align=\"center\"><a href=\"http:\/\/akrsa.pl\/wp-content\/uploads\/2020\/08\/dematerializacja-akcji-zgoda-na-komunikacje-elektroniczna.pdf\" data-type=\"URL\" data-id=\"http:\/\/akrsa.pl\/wp-content\/uploads\/2020\/08\/dematerializacja-akcji-zgoda-na-komunikacje-elektroniczna.pdf\" target=\"_blank\" rel=\"noreferrer noopener\"><img decoding=\"async\" src=\"http:\/\/akrsa.pl\/wp-content\/uploads\/2020\/08\/Adobe_jpg.jpg\" alt=\"\"><\/a><\/td><\/tr><tr><td class=\"has-text-align-center\" data-align=\"center\">27-08-2020<\/td><td class=\"has-text-align-center\" data-align=\"center\">Pierwsze og\u0142oszenie w MSiG<\/td><td class=\"has-text-align-center\" data-align=\"center\"><a href=\"http:\/\/akrsa.pl\/wp-content\/uploads\/2020\/08\/ogloszenie-w-MSiG.pdf\" data-type=\"URL\" data-id=\"http:\/\/akrsa.pl\/wp-content\/uploads\/2020\/08\/ogloszenie-w-MSiG.pdf\" target=\"_blank\" rel=\"noreferrer noopener\"><img decoding=\"async\" src=\"http:\/\/akrsa.pl\/wp-content\/uploads\/2020\/08\/Adobe_jpg.jpg\" alt=\"\"><\/a><\/td><\/tr><tr><td class=\"has-text-align-center\" data-align=\"center\">17-09-2020<\/td><td class=\"has-text-align-center\" data-align=\"center\">Drugie og\u0142oszenie w MSiG<\/td><td class=\"has-text-align-center\" data-align=\"center\"><a href=\"http:\/\/akrsa.pl\/wp-content\/uploads\/2020\/09\/wezwanie-nr-2.pdf\" target=\"_blank\" rel=\"noreferrer noopener\"><img decoding=\"async\" src=\"http:\/\/akrsa.pl\/wp-content\/uploads\/2020\/08\/Adobe_jpg.jpg\" alt=\"\" style=\"width: px;\"><\/a><\/td><\/tr><tr><td class=\"has-text-align-center\" data-align=\"center\">7-10-2020<\/td><td class=\"has-text-align-center\" data-align=\"center\">Trzecie og\u0142oszenie w MSiG<\/td><td class=\"has-text-align-center\" data-align=\"center\"><img decoding=\"async\" src=\"http:\/\/akrsa.pl\/wp-content\/uploads\/2020\/08\/Adobe_jpg.jpg\" alt=\"\" style=\"width: px;\"><\/td><\/tr><tr><td class=\"has-text-align-center\" data-align=\"center\">27-10-2020<\/td><td class=\"has-text-align-center\" data-align=\"center\">Czwarte og\u0142oszenie w MSiG<\/td><td class=\"has-text-align-center\" data-align=\"center\"><a href=\"http:\/\/akrsa.pl\/wp-content\/uploads\/2020\/11\/czwarte-ogloszenie.pdf\" data-type=\"URL\" data-id=\"http:\/\/akrsa.pl\/wp-content\/uploads\/2020\/11\/czwarte-ogloszenie.pdf\"><img decoding=\"async\" src=\"http:\/\/akrsa.pl\/wp-content\/uploads\/2020\/08\/Adobe_jpg.jpg\" alt=\"\"><\/a><\/td><\/tr><tr><td class=\"has-text-align-center\" data-align=\"center\">17-11-2020<\/td><td class=\"has-text-align-center\" data-align=\"center\">Pi\u0105te og\u0142oszenie w MSiG<\/td><td class=\"has-text-align-center\" data-align=\"center\"><a href=\"http:\/\/akrsa.pl\/wp-content\/uploads\/2020\/12\/piate-ogloszenie-w-MSiG.pdf\"><img decoding=\"async\" src=\"http:\/\/akrsa.pl\/wp-content\/uploads\/2020\/08\/Adobe_jpg.jpg\" alt=\"\"><\/a><\/td><\/tr><\/tbody><\/table><\/figure>\n\n\n\n<p><\/p>\n\n\n\n<p><\/p>\n<\/div><\/div>\n\n\n\n<p><\/p>\n","protected":false},"excerpt":{"rendered":"<p>Agencja Kapita\u0142owo Rozliczeniowa Sp\u00f3\u0142ka Akcyjna z siedzib\u0105 w Warszawie przy ul. Kochanowskiego 49informuje, i\u017c w zwi\u0105zku z ustawow\u0105 konieczno\u015bci\u0105 zapewnienia Akcjonariuszom dost\u0119pu do informacji, a tak\u017ce wobec realizacji i spe\u0142nienia obowi\u0105zku r\u00f3wnego traktowania Akcjonariuszy uruchomiona zosta\u0142a sekcja dla Akcjonariuszy. Data Tytu\u0142 Pobierz 03-08-2020 dematerializacja akcji &#8211; informacja og\u00f3lna 03-08-2020 dematerializacja akcji &#8211; klauzula 03-08-2020 dematerializacja &hellip; <a href=\"https:\/\/akrsa.pl\/?page_id=78\" class=\"more-link\">Czytaj dalej<span class=\"screen-reader-text\"> \u201eDla Akcjonariuszy\u201d<\/span><\/a><\/p>\n","protected":false},"author":1,"featured_media":0,"parent":0,"menu_order":0,"comment_status":"closed","ping_status":"closed","template":"","meta":{"footnotes":""},"class_list":["post-78","page","type-page","status-publish","hentry"],"_links":{"self":[{"href":"https:\/\/akrsa.pl\/index.php?rest_route=\/wp\/v2\/pages\/78","targetHints":{"allow":["GET"]}}],"collection":[{"href":"https:\/\/akrsa.pl\/index.php?rest_route=\/wp\/v2\/pages"}],"about":[{"href":"https:\/\/akrsa.pl\/index.php?rest_route=\/wp\/v2\/types\/page"}],"author":[{"embeddable":true,"href":"https:\/\/akrsa.pl\/index.php?rest_route=\/wp\/v2\/users\/1"}],"replies":[{"embeddable":true,"href":"https:\/\/akrsa.pl\/index.php?rest_route=%2Fwp%2Fv2%2Fcomments&post=78"}],"version-history":[{"count":12,"href":"https:\/\/akrsa.pl\/index.php?rest_route=\/wp\/v2\/pages\/78\/revisions"}],"predecessor-version":[{"id":118,"href":"https:\/\/akrsa.pl\/index.php?rest_route=\/wp\/v2\/pages\/78\/revisions\/118"}],"wp:attachment":[{"href":"https:\/\/akrsa.pl\/index.php?rest_route=%2Fwp%2Fv2%2Fmedia&parent=78"}],"curies":[{"name":"wp","href":"https:\/\/api.w.org\/{rel}","templated":true}]}}