{"id":7,"date":"2018-01-02T18:01:43","date_gmt":"2018-01-02T18:01:43","guid":{"rendered":"http:\/\/akrsa.com.pl\/?page_id=7"},"modified":"2023-08-29T20:11:23","modified_gmt":"2023-08-29T20:11:23","slug":"dzialalnosc-spolki","status":"publish","type":"page","link":"https:\/\/akrsa.pl\/?page_id=7","title":{"rendered":"Dzia\u0142alno\u015b\u0107 sp\u00f3\u0142ki"},"content":{"rendered":"<ul>\n<li>\n<h5>\u00a0Dzia\u0142alno\u015b\u0107 AKR S.A.<\/h5>\n<\/li>\n<\/ul>\n<p>Agencja Kapita\u0142owo Rozliczeniowa Sp\u00f3\u0142ka Akcyjna powsta\u0142a w dniu 29 czerwca 1992 roku w\u00a0wyniku przekszta\u0142cenia przedsi\u0119biorstwa pa\u0144stwowego Huta Warszawa w\u00a0sp\u00f3\u0142k\u0119 akcyjn\u0105 pod firm\u0105\u00a0 Huta Warszawa S.A. W\u00a0dniu 22 grudnia 1992 Nadzwyczajne Walne \u00a0Zgromadzenie powzi\u0119\u0142o uchwa\u0142\u0119 o zmianie firmy sp\u00f3\u0142ki na Agencja Kapita\u0142owo Rozliczeniowa S.A.<\/p>\n<p>Dzia\u0142alno\u015b\u0107 Sp\u00f3\u0142ki jest zwi\u0105zana z Umow\u0105 o Wsp\u00f3lnym Przedsi\u0119wzi\u0119ciu dotycz\u0105cej prywatyzacji by\u0142ej Huty Warszawa.<\/p>\n<p><strong>\u00a0<\/strong><\/p>\n","protected":false},"excerpt":{"rendered":"<p>\u00a0Dzia\u0142alno\u015b\u0107 AKR S.A. Agencja Kapita\u0142owo Rozliczeniowa Sp\u00f3\u0142ka Akcyjna powsta\u0142a w dniu 29 czerwca 1992 roku w\u00a0wyniku przekszta\u0142cenia przedsi\u0119biorstwa pa\u0144stwowego Huta Warszawa w\u00a0sp\u00f3\u0142k\u0119 akcyjn\u0105 pod firm\u0105\u00a0 Huta Warszawa S.A. W\u00a0dniu 22 grudnia 1992 Nadzwyczajne Walne \u00a0Zgromadzenie powzi\u0119\u0142o uchwa\u0142\u0119 o zmianie firmy sp\u00f3\u0142ki na Agencja Kapita\u0142owo Rozliczeniowa S.A. Dzia\u0142alno\u015b\u0107 Sp\u00f3\u0142ki jest zwi\u0105zana z Umow\u0105 o Wsp\u00f3lnym Przedsi\u0119wzi\u0119ciu &hellip; <a href=\"https:\/\/akrsa.pl\/?page_id=7\" class=\"more-link\">Czytaj dalej<span class=\"screen-reader-text\"> \u201eDzia\u0142alno\u015b\u0107 sp\u00f3\u0142ki\u201d<\/span><\/a><\/p>\n","protected":false},"author":1,"featured_media":0,"parent":0,"menu_order":0,"comment_status":"closed","ping_status":"closed","template":"","meta":{"footnotes":""},"class_list":["post-7","page","type-page","status-publish","hentry"],"_links":{"self":[{"href":"https:\/\/akrsa.pl\/index.php?rest_route=\/wp\/v2\/pages\/7","targetHints":{"allow":["GET"]}}],"collection":[{"href":"https:\/\/akrsa.pl\/index.php?rest_route=\/wp\/v2\/pages"}],"about":[{"href":"https:\/\/akrsa.pl\/index.php?rest_route=\/wp\/v2\/types\/page"}],"author":[{"embeddable":true,"href":"https:\/\/akrsa.pl\/index.php?rest_route=\/wp\/v2\/users\/1"}],"replies":[{"embeddable":true,"href":"https:\/\/akrsa.pl\/index.php?rest_route=%2Fwp%2Fv2%2Fcomments&post=7"}],"version-history":[{"count":5,"href":"https:\/\/akrsa.pl\/index.php?rest_route=\/wp\/v2\/pages\/7\/revisions"}],"predecessor-version":[{"id":135,"href":"https:\/\/akrsa.pl\/index.php?rest_route=\/wp\/v2\/pages\/7\/revisions\/135"}],"wp:attachment":[{"href":"https:\/\/akrsa.pl\/index.php?rest_route=%2Fwp%2Fv2%2Fmedia&parent=7"}],"curies":[{"name":"wp","href":"https:\/\/api.w.org\/{rel}","templated":true}]}}