{"id":13,"date":"2018-01-02T18:03:21","date_gmt":"2018-01-02T18:03:21","guid":{"rendered":"http:\/\/akrsa.com.pl\/?page_id=13"},"modified":"2023-11-24T09:29:05","modified_gmt":"2023-11-24T09:29:05","slug":"dane-spolki","status":"publish","type":"page","link":"https:\/\/akrsa.pl\/?page_id=13","title":{"rendered":"Dane sp\u00f3\u0142ki"},"content":{"rendered":"<p><strong>Agencja Kapita\u0142owo Rozliczeniowa S.A.<\/strong><\/p>\n<p>01-864 Warszawa, ul. Jana Kochanowskiego 49,<br \/>\nS\u0105d Rejonowy dla m. st. Warszawy, XII Wydzia\u0142 Gospodarczy,<br \/>\nKRS NR 0000055912<br \/>\nNIP 118-00-09-077, REGON 011565890,<br \/>\nkapita\u0142 zak\u0142adowy 60.532.400,00 PLN<\/p>\n","protected":false},"excerpt":{"rendered":"<p>Agencja Kapita\u0142owo Rozliczeniowa S.A. 01-864 Warszawa, ul. Jana Kochanowskiego 49, S\u0105d Rejonowy dla m. st. Warszawy, XII Wydzia\u0142 Gospodarczy, KRS NR 0000055912 NIP 118-00-09-077, REGON 011565890, kapita\u0142 zak\u0142adowy 60.532.400,00 PLN<\/p>\n","protected":false},"author":1,"featured_media":0,"parent":0,"menu_order":0,"comment_status":"closed","ping_status":"closed","template":"","meta":{"footnotes":""},"class_list":["post-13","page","type-page","status-publish","hentry"],"_links":{"self":[{"href":"https:\/\/akrsa.pl\/index.php?rest_route=\/wp\/v2\/pages\/13","targetHints":{"allow":["GET"]}}],"collection":[{"href":"https:\/\/akrsa.pl\/index.php?rest_route=\/wp\/v2\/pages"}],"about":[{"href":"https:\/\/akrsa.pl\/index.php?rest_route=\/wp\/v2\/types\/page"}],"author":[{"embeddable":true,"href":"https:\/\/akrsa.pl\/index.php?rest_route=\/wp\/v2\/users\/1"}],"replies":[{"embeddable":true,"href":"https:\/\/akrsa.pl\/index.php?rest_route=%2Fwp%2Fv2%2Fcomments&post=13"}],"version-history":[{"count":6,"href":"https:\/\/akrsa.pl\/index.php?rest_route=\/wp\/v2\/pages\/13\/revisions"}],"predecessor-version":[{"id":143,"href":"https:\/\/akrsa.pl\/index.php?rest_route=\/wp\/v2\/pages\/13\/revisions\/143"}],"wp:attachment":[{"href":"https:\/\/akrsa.pl\/index.php?rest_route=%2Fwp%2Fv2%2Fmedia&parent=13"}],"curies":[{"name":"wp","href":"https:\/\/api.w.org\/{rel}","templated":true}]}}