{"id":11,"date":"2018-01-02T18:02:50","date_gmt":"2018-01-02T18:02:50","guid":{"rendered":"http:\/\/akrsa.com.pl\/?page_id=11"},"modified":"2023-08-29T20:13:42","modified_gmt":"2023-08-29T20:13:42","slug":"polityka-prywatnosci","status":"publish","type":"page","link":"https:\/\/akrsa.pl\/?page_id=11","title":{"rendered":"Polityka Prywatno\u015bci"},"content":{"rendered":"<h6>Polityka Prywatno\u015bci<\/h6>\n<p>1. Serwis nie zbiera automatycznie \u017cadnych informacji, z wyj\u0105tkiem informacji zawartych w plikach Cookies.<\/p>\n<p>2. Pliki cookies (tzw. \u201eciasteczka\u201d) to dane informatyczne, w szczeg\u00f3lno\u015bci pliki tekstowe, kt\u00f3re przechowywane s\u0105 w urz\u0105dzeniu ko\u0144cowym U\u017cytkownika Serwisu i przeznaczone s\u0105 do korzystania ze stron internetowych Serwisu. Cookies przewa\u017cnie zawieraj\u0105 nazw\u0119 strony internetowej, z kt\u00f3rej pochodz\u0105, czas przechowywania ich na urz\u0105dzeniu ko\u0144cowym oraz indywidualny numer.<\/p>\n<p>3. Podmiotem, kt\u00f3ry zamieszcza na urz\u0105dzeniu ko\u0144cowym U\u017cytkownika Serwisu pliki cookies oraz uzyskuje do nich dost\u0119p jest operator Serwisu AKR S.A., ul. Jana Kochanowskiego 49, 01-864 Warszawa, KRS NR 0000055912, NIP 118-00-09-077, REGON 011565890, kapita\u0142 zak\u0142adowy 60.132.400,00 z\u0142 PLN<\/p>\n<p>4. Pliki cookies wykorzystywane s\u0105 w nast\u0119puj\u0105cych celach:<\/p>\n<p>a) przystosowania tre\u015bci stron internetowych Serwisu do preferencji U\u017cytkownika, a tak\u017ce optymalizacji u\u017cywania stron internetowych; w szczeg\u00f3lno\u015bci pliki te pozwalaj\u0105 okre\u015bli\u0107 urz\u0105dzenie U\u017cytkownika Serwisu i zgodnie z nim wy\u015bwietli\u0107 stron\u0119 internetow\u0105, dopasowan\u0105 do jego indywidualnych potrzeb;<\/p>\n<p>b) tworzenia statystyk, kt\u00f3re pomagaj\u0105 zrozumie\u0107, w jaki spos\u00f3b U\u017cytkownicy Serwisu korzystaj\u0105 ze stron internetowych, co umo\u017cliwia ulepszanie ich struktury i zawarto\u015bci;<\/p>\n<p>c) prowadzenia kampanii marketingowych<\/p>\n<p>5. W ramach Serwisu stosowane s\u0105 dwa podstawowe rodzaje plik\u00f3w cookies: \u201esesyjne\u201d (session cookies) oraz \u201esta\u0142e\u201d (persistent cookies). Cookies \u201esesyjne\u201d s\u0105 to pliki tymczasowe, kt\u00f3re s\u0105 przechowywane w urz\u0105dzeniu ko\u0144cowym U\u017cytkownika do momentu wylogowania, opuszczenia strony internetowej lub zamkni\u0119cia oprogramowania (przegl\u0105darki internetowej). \u201eSta\u0142e\u201d s\u0105 to pliki cookies przechowywane w urz\u0105dzeniu ko\u0144cowym U\u017cytkownika przez czas okre\u015blony w parametrach plik\u00f3w cookies lub do momentu ich usuni\u0119cia przez U\u017cytkownika.<\/p>\n<p>6. Niniejszy Serwis wykorzystuje poni\u017csze rodzaje plik\u00f3w cookies:<\/p>\n<p>a) \u201eniezb\u0119dne\u201d \u2013 s\u0105 to pliki cookies, daj\u0105ce mo\u017cliwo\u015b\u0107 korzystania z us\u0142ug, kt\u00f3re s\u0105 dost\u0119pne w ramach Serwisu, np. uwierzytelniaj\u0105ce pliki cookies wykorzystywane do us\u0142ug, kt\u00f3re wymagaj\u0105 uwierzytelniania w ramach Serwisu;<\/p>\n<p>b) pliki cookies s\u0142u\u017c\u0105ce maj\u0105ce za cel zapewnienie bezpiecze\u0144stwa, np. wykorzystywane do wykrywania nadu\u017cy\u0107 dotycz\u0105cych uwierzytelniania w ramach Serwisu;<\/p>\n<p>c) \u201ewydajno\u015bciowe\u201d \u2013 s\u0105 to pliki cookies,, kt\u00f3re umo\u017cliwiaj\u0105 pozyskiwanie informacji na temat sposobu korzystania ze stron internetowych Serwisu;<\/p>\n<p>d) \u201efunkcjonalne\u201d s\u0105 to pliki cookies, kt\u00f3re umo\u017cliwiaj\u0105 \u201ezapami\u0119tanie\u201d wybranych przez U\u017cytkownika ustawie\u0144 i personalizacj\u0119 interfejsu U\u017cytkownika, np. w zakresie wybranego, koloru lub rozmiaru czcionki, wygl\u0105du strony internetowej, j\u0119zyka lub regionu, z kt\u00f3rego pochodzi U\u017cytkownik itp.;<\/p>\n<p>e) \u201ereklamowe\u201d s\u0105 to pliki cookies,, kt\u00f3re umo\u017cliwiaj\u0105 przekazanie U\u017cytkownikom tre\u015bci reklamowych dostosowanych do ich preferencji.<\/p>\n<p>7. W wielu przypadkach programy s\u0142u\u017c\u0105ce do przegl\u0105dania stron internetowych (przegl\u0105darka internetowa) domy\u015blnie dopuszczaj\u0105 przechowywanie plik\u00f3w cookies w urz\u0105dzeniu ko\u0144cowym U\u017cytkownika. U\u017cytkownicy Serwisu mog\u0105 dokona\u0107 w ka\u017cdej chwili zmiany ustawie\u0144 stosuj\u0105cych si\u0119 do plik\u00f3w cookies. Ustawienia te mog\u0105 zosta\u0107 zmienione w szczeg\u00f3lno\u015bci w taki spos\u00f3b, \u017ceby uniemo\u017cliwi\u0107 automatyczn\u0105 obs\u0142ug\u0119 plik\u00f3w cookies w ustawieniach przegl\u0105darki internetowej lub informowa\u0107 ka\u017cdorazowo o ich zamieszczeniu w urz\u0105dzeniu U\u017cytkownika Serwisu. Szczeg\u00f3\u0142owe informacje o mo\u017cliwo\u015bci i sposobach obs\u0142ugi plik\u00f3w cookies dost\u0119pne s\u0105 w ustawieniach oprogramowania (przegl\u0105darki internetowej).<\/p>\n<p>8. Operator Serwisu informuje, \u017ce ograniczenia stosowania plik\u00f3w cookies potrafi\u0105 oddzia\u0142ywa\u0107 na niekt\u00f3re funkcje dost\u0119pne na stronach internetowych Serwisu.<\/p>\n<p>9. Pliki cookies zamieszczane w urz\u0105dzeniu ko\u0144cowym U\u017cytkownika Serwisu mog\u0105 by\u0107 wykorzystywane r\u00f3wnie\u017c przez wsp\u00f3\u0142pracuj\u0105cych z operatorem Serwisu reklamodawc\u00f3w oraz kontrahent\u00f3w.<\/p>\n<p>10. Wi\u0119cej informacji na temat plik\u00f3w cookies dost\u0119pnych jest pod adresem www.wszystkoociasteczkach.pl lub w sekcji \u201ePomoc\u201d w menu przegl\u0105darki internetowej.<\/p>\n","protected":false},"excerpt":{"rendered":"<p>Polityka Prywatno\u015bci 1. Serwis nie zbiera automatycznie \u017cadnych informacji, z wyj\u0105tkiem informacji zawartych w plikach Cookies. 2. Pliki cookies (tzw. \u201eciasteczka\u201d) to dane informatyczne, w szczeg\u00f3lno\u015bci pliki tekstowe, kt\u00f3re przechowywane s\u0105 w urz\u0105dzeniu ko\u0144cowym U\u017cytkownika Serwisu i przeznaczone s\u0105 do korzystania ze stron internetowych Serwisu. Cookies przewa\u017cnie zawieraj\u0105 nazw\u0119 strony internetowej, z kt\u00f3rej pochodz\u0105, czas &hellip; <a href=\"https:\/\/akrsa.pl\/?page_id=11\" class=\"more-link\">Czytaj dalej<span class=\"screen-reader-text\"> \u201ePolityka Prywatno\u015bci\u201d<\/span><\/a><\/p>\n","protected":false},"author":1,"featured_media":0,"parent":0,"menu_order":0,"comment_status":"closed","ping_status":"closed","template":"","meta":{"footnotes":""},"class_list":["post-11","page","type-page","status-publish","hentry"],"_links":{"self":[{"href":"https:\/\/akrsa.pl\/index.php?rest_route=\/wp\/v2\/pages\/11","targetHints":{"allow":["GET"]}}],"collection":[{"href":"https:\/\/akrsa.pl\/index.php?rest_route=\/wp\/v2\/pages"}],"about":[{"href":"https:\/\/akrsa.pl\/index.php?rest_route=\/wp\/v2\/types\/page"}],"author":[{"embeddable":true,"href":"https:\/\/akrsa.pl\/index.php?rest_route=\/wp\/v2\/users\/1"}],"replies":[{"embeddable":true,"href":"https:\/\/akrsa.pl\/index.php?rest_route=%2Fwp%2Fv2%2Fcomments&post=11"}],"version-history":[{"count":3,"href":"https:\/\/akrsa.pl\/index.php?rest_route=\/wp\/v2\/pages\/11\/revisions"}],"predecessor-version":[{"id":137,"href":"https:\/\/akrsa.pl\/index.php?rest_route=\/wp\/v2\/pages\/11\/revisions\/137"}],"wp:attachment":[{"href":"https:\/\/akrsa.pl\/index.php?rest_route=%2Fwp%2Fv2%2Fmedia&parent=11"}],"curies":[{"name":"wp","href":"https:\/\/api.w.org\/{rel}","templated":true}]}}